{"id":227,"date":"2015-06-29T20:13:11","date_gmt":"2015-06-29T20:13:11","guid":{"rendered":"http:\/\/secmarilia.org.br\/site\/?page_id=227"},"modified":"2020-04-08T19:05:27","modified_gmt":"2020-04-08T19:05:27","slug":"convencoes-coletivas","status":"publish","type":"page","link":"https:\/\/secmarilia.org.br\/site\/documentos\/convencoes-coletivas\/","title":{"rendered":"Conven\u00e7\u00f5es Coletivas"},"content":{"rendered":"<p><span style=\"color: #3366ff;\"><a style=\"color: #3366ff;\" href=\"http:\/\/secmarilia.org.br\/site\/ctt-comercio-atacadista\/\">Com\u00e9rcio Atacadista<\/a><\/span><\/p>\n<p><span style=\"color: #3366ff;\"><a style=\"color: #3366ff;\" href=\"http:\/\/secmarilia.org.br\/site\/ctt-comercio-varejista\/\">Com\u00e9rcio Varejista<\/a><\/span><\/p>\n<p><span style=\"color: #3366ff;\"><a style=\"color: #3366ff;\" href=\"http:\/\/secmarilia.org.br\/site\/ctt-farmacia-atacadista\/\">Com\u00e9rcio Atacadista de Medicamentos \/ Perfumarias<\/a><\/span><\/p>\n<p><span style=\"color: #3366ff;\"><a style=\"color: #3366ff;\" href=\"http:\/\/secmarilia.org.br\/site\/ctt-farmacia-varejista\/\">Farm\u00e1cias e Drogarias Varejista<\/a><\/span><\/p>\n<p><span style=\"color: #3366ff;\"><a style=\"color: #3366ff;\" href=\"http:\/\/secmarilia.org.br\/site\/ctt-distr-conc-de-veiculos\/\">Concessionarias e Distribuidora de Ve\u00edculos<\/a><\/span><\/p>\n<p><span style=\"color: #3366ff;\"><a style=\"color: #3366ff;\" href=\"http:\/\/secmarilia.org.br\/site\/cct-comercio-varejista-de-genero-alimenticio-2\/\">Comercio varejista de g\u00eanero aliment\u00edcios (Base inorganizada)<\/a><\/span><\/p>\n","protected":false},"excerpt":{"rendered":"<p>Com\u00e9rcio Atacadista Com\u00e9rcio Varejista Com\u00e9rcio Atacadista de Medicamentos \/ Perfumarias Farm\u00e1cias e Drogarias Varejista Concessionarias e Distribuidora de Ve\u00edculos Comercio varejista de g\u00eanero aliment\u00edcios (Base inorganizada)<\/p>\n","protected":false},"author":2,"featured_media":0,"parent":36,"menu_order":2,"comment_status":"open","ping_status":"open","template":"full-width.php","meta":{"footnotes":"","_links_to":"","_links_to_target":""},"class_list":["post-227","page","type-page","status-publish","hentry"],"_links":{"self":[{"href":"https:\/\/secmarilia.org.br\/site\/wp-json\/wp\/v2\/pages\/227","targetHints":{"allow":["GET"]}}],"collection":[{"href":"https:\/\/secmarilia.org.br\/site\/wp-json\/wp\/v2\/pages"}],"about":[{"href":"https:\/\/secmarilia.org.br\/site\/wp-json\/wp\/v2\/types\/page"}],"author":[{"embeddable":true,"href":"https:\/\/secmarilia.org.br\/site\/wp-json\/wp\/v2\/users\/2"}],"replies":[{"embeddable":true,"href":"https:\/\/secmarilia.org.br\/site\/wp-json\/wp\/v2\/comments?post=227"}],"version-history":[{"count":16,"href":"https:\/\/secmarilia.org.br\/site\/wp-json\/wp\/v2\/pages\/227\/revisions"}],"predecessor-version":[{"id":1269,"href":"https:\/\/secmarilia.org.br\/site\/wp-json\/wp\/v2\/pages\/227\/revisions\/1269"}],"up":[{"embeddable":true,"href":"https:\/\/secmarilia.org.br\/site\/wp-json\/wp\/v2\/pages\/36"}],"wp:attachment":[{"href":"https:\/\/secmarilia.org.br\/site\/wp-json\/wp\/v2\/media?parent=227"}],"curies":[{"name":"wp","href":"https:\/\/api.w.org\/{rel}","templated":true}]}}